{"id":2,"date":"2006-12-06T17:53:56","date_gmt":"2006-12-06T16:53:56","guid":{"rendered":""},"modified":"2010-09-24T23:57:52","modified_gmt":"2010-09-24T22:57:52","slug":"ueber","status":"publish","type":"page","link":"http:\/\/www.contouche.de\/projektblog\/?page_id=2","title":{"rendered":"Zu diesem Blog"},"content":{"rendered":"<p>Ja hallo! Sch\u00f6n, da\u00df Du reinschaust.<\/p>\n<p>Falls Du \u00fcber einen Link von Drau\u00dfen reingekommen bist: Dieses Blog geh\u00f6rt zur Website <a href=\"http:\/\/www.marquise.de\/\">La Couturi\u00e8re Parisienne<\/a>, die sich mit historischer Kleidung und Mode befa\u00dft.<br \/>\nWie Du siehst, versuche ich mich jetzt auch in der Bloggerei. Warum?<br \/>\n&nbsp;<br \/>\nIch habe st\u00e4ndig Projekte am laufen, die irgendwie mit Lebendiger Geschichte zu tun haben &#8211; meist geht es um N\u00e4hen und sonstige textile Techniken. Manche Erfahrungen k\u00f6nnten vielleicht auch f\u00fcr andere interessant sein, z.B. als Erg\u00e4nzung zu den Anleitungen auf meiner Seite. K\u00f6nnte ja sein, da\u00df dadurch etwas klarer wird. Oder da\u00df jemand merkt, wie einfach viele scheinbar komplizierte Sachen eigentlich sind.<br \/>\n&nbsp;<br \/>\nDiese Projekte dokumentiere ich mittlerweile auch, um evtl. sp\u00e4ter mal Anleitungen draus zu machen oder selber mal etwas nachzuschauen. Eine richtige, durchdachte neue Seite im Stil der bereits existierenden Anleitungen draus zu machen, ist eine langwierige Sache. Unter einer Woche mit halb durchgemachten N\u00e4chten (abends schreibe ich am besten und kann dann oft nicht aufh\u00f6ren) ist da nichts zu wollen. Aber als projektbegleitendes Blog, so dachte ich mir, ginge es vielleicht leichter und schneller. Alle Tage mal einen Absatz, das mu\u00df doch zu machen sein&#8230;<br \/>\n&nbsp;<br \/>\nEin Tip: Standardm\u00e4\u00dfig werden Blog-Eintr\u00e4ge chronologisch angezeigt, aber manche Projekte laufen parallel. Jedes Projekt ist eine Kategorie. Um alle Seiten zu einem Projekt (und nur zu diesem Projekt) zu sehen, solltest Du die entsprechende Kategorie im Men\u00fc ausw\u00e4hlen. Da\u00df die j\u00fcngsten Eintr\u00e4ge immer oben angezeigt werden, ist f\u00fcr Projekte nicht gerade ideal, aber ich habe keine Ahnung, ob und wie man das \u00e4ndern kann.<\/p>\n<p>Na denn, viel Spa\u00df!<\/p>\n","protected":false},"excerpt":{"rendered":"<p>Ja hallo! Sch\u00f6n, da\u00df Du reinschaust. Falls Du \u00fcber einen Link von Drau\u00dfen reingekommen bist: Dieses Blog geh\u00f6rt zur Website La Couturi\u00e8re Parisienne, die sich mit historischer Kleidung und Mode befa\u00dft. Wie Du siehst, versuche ich mich jetzt auch in &hellip; <a href=\"http:\/\/www.contouche.de\/projektblog\/?page_id=2\">Weiterlesen <span class=\"meta-nav\">&rarr;<\/span><\/a><\/p>\n","protected":false},"author":1,"featured_media":0,"parent":0,"menu_order":0,"comment_status":"closed","ping_status":"closed","template":"","meta":{"footnotes":""},"class_list":["post-2","page","type-page","status-publish","hentry"],"_links":{"self":[{"href":"http:\/\/www.contouche.de\/projektblog\/index.php?rest_route=\/wp\/v2\/pages\/2","targetHints":{"allow":["GET"]}}],"collection":[{"href":"http:\/\/www.contouche.de\/projektblog\/index.php?rest_route=\/wp\/v2\/pages"}],"about":[{"href":"http:\/\/www.contouche.de\/projektblog\/index.php?rest_route=\/wp\/v2\/types\/page"}],"author":[{"embeddable":true,"href":"http:\/\/www.contouche.de\/projektblog\/index.php?rest_route=\/wp\/v2\/users\/1"}],"replies":[{"embeddable":true,"href":"http:\/\/www.contouche.de\/projektblog\/index.php?rest_route=%2Fwp%2Fv2%2Fcomments&post=2"}],"version-history":[{"count":3,"href":"http:\/\/www.contouche.de\/projektblog\/index.php?rest_route=\/wp\/v2\/pages\/2\/revisions"}],"predecessor-version":[{"id":429,"href":"http:\/\/www.contouche.de\/projektblog\/index.php?rest_route=\/wp\/v2\/pages\/2\/revisions\/429"}],"wp:attachment":[{"href":"http:\/\/www.contouche.de\/projektblog\/index.php?rest_route=%2Fwp%2Fv2%2Fmedia&parent=2"}],"curies":[{"name":"wp","href":"https:\/\/api.w.org\/{rel}","templated":true}]}}